{"id":1425,"date":"2022-09-29T13:54:30","date_gmt":"2022-09-29T13:54:30","guid":{"rendered":"https:\/\/corsen.qodeinteractive.com\/?page_id=1425"},"modified":"2025-06-21T16:52:37","modified_gmt":"2025-06-21T14:52:37","slug":"faq-page","status":"publish","type":"page","link":"https:\/\/negomerch.com\/index.php\/faq-page\/","title":{"rendered":"FAQ Page"},"content":{"rendered":"\t\t<div data-elementor-type=\"wp-page\" data-elementor-id=\"1425\" class=\"elementor elementor-1425\">\n\t\t\t\t\t\t<section class=\"elementor-section elementor-top-section elementor-element elementor-element-c1d2f7a elementor-section-full_width qodef-elementor-content-grid elementor-section-height-default elementor-section-height-default\" data-id=\"c1d2f7a\" data-element_type=\"section\">\n\t\t\t\t\t\t<div class=\"elementor-container elementor-column-gap-default\">\n\t\t\t\t\t<div class=\"elementor-column elementor-col-50 elementor-top-column elementor-element elementor-element-69755d9\" data-id=\"69755d9\" data-element_type=\"column\">\n\t\t\t<div class=\"elementor-widget-wrap elementor-element-populated\">\n\t\t\t\t\t\t<div class=\"elementor-element elementor-element-071f047 elementor-widget elementor-widget-corsen_core_section_title\" data-id=\"071f047\" data-element_type=\"widget\" data-widget_type=\"corsen_core_section_title.default\">\n\t\t\t\t<div class=\"elementor-widget-container\">\n\t\t\t\t\t<div class=\"qodef-shortcode qodef-m  qodef-section-title qodef-alignment--left  \">\n\t\t<h3 class=\"qodef-m-title\" >\n\t\t\t\t\tAsk Us Anything\t\t\t<\/h3>\n\t    <\/div>\n\t\t\t\t<\/div>\n\t\t\t\t<\/div>\n\t\t\t\t<div class=\"elementor-element elementor-element-97daffd elementor-widget elementor-widget-text-editor\" data-id=\"97daffd\" data-element_type=\"widget\" data-widget_type=\"text-editor.default\">\n\t\t\t\t<div class=\"elementor-widget-container\">\n\t\t\t\t\t\t\t\t\t<p>Imate li pitanja o na\u0161oj ponudi, narud\u017ebi ili dostavi? Slobodno nam po\u0161aljite poruku u nastavku \u2013 rado \u0107emo vam pomo\u0107i i odgovoriti u najkra\u0107em roku.<\/p>\t\t\t\t\t\t\t\t<\/div>\n\t\t\t\t<\/div>\n\t\t\t\t<div class=\"elementor-element elementor-element-2412bff elementor-widget elementor-widget-shortcode\" data-id=\"2412bff\" data-element_type=\"widget\" data-widget_type=\"shortcode.default\">\n\t\t\t\t<div class=\"elementor-widget-container\">\n\t\t\t\t\t\t\t<div class=\"elementor-shortcode\">\n<div class=\"wpcf7 no-js\" id=\"wpcf7-f1469-o1\" lang=\"en-US\" dir=\"ltr\" data-wpcf7-id=\"1469\">\n<div class=\"screen-reader-response\"><p role=\"status\" aria-live=\"polite\" aria-atomic=\"true\"><\/p> <ul><\/ul><\/div>\n<form action=\"\/index.php\/wp-json\/wp\/v2\/pages\/1425#wpcf7-f1469-o1\" method=\"post\" class=\"wpcf7-form init demo\" aria-label=\"Contact form\" novalidate=\"novalidate\" data-status=\"init\">\n<div style=\"display: none;\">\n<input type=\"hidden\" name=\"_wpcf7\" value=\"1469\" \/>\n<input type=\"hidden\" name=\"_wpcf7_version\" value=\"6.0.6\" \/>\n<input type=\"hidden\" name=\"_wpcf7_locale\" value=\"en_US\" \/>\n<input type=\"hidden\" name=\"_wpcf7_unit_tag\" value=\"wpcf7-f1469-o1\" \/>\n<input type=\"hidden\" name=\"_wpcf7_container_post\" value=\"0\" \/>\n<input type=\"hidden\" name=\"_wpcf7_posted_data_hash\" value=\"\" \/>\n<\/div>\n<div class=\"qodef-main-contact-form qodef-faq-style\">\n\n<span class=\"wpcf7-form-control-wrap\" data-name=\"your-email\"><input size=\"40\" maxlength=\"400\" class=\"wpcf7-form-control wpcf7-email wpcf7-validates-as-required wpcf7-text wpcf7-validates-as-email\" aria-required=\"true\" aria-invalid=\"false\" placeholder=\"Email\" value=\"\" type=\"email\" name=\"your-email\" \/><\/span> \n\n<span class=\"wpcf7-form-control-wrap\" data-name=\"first-name\"><input size=\"40\" maxlength=\"400\" class=\"wpcf7-form-control wpcf7-text wpcf7-validates-as-required\" aria-required=\"true\" aria-invalid=\"false\" placeholder=\"Name\" value=\"\" type=\"text\" name=\"first-name\" \/><\/span>\n\n<span class=\"wpcf7-form-control-wrap\" data-name=\"your-message\"><textarea cols=\"40\" rows=\"5\" maxlength=\"2000\" class=\"wpcf7-form-control wpcf7-textarea\" aria-invalid=\"false\" placeholder=\"Message\" name=\"your-message\"><\/textarea><\/span>\n\n<div class=\"qodef-submit\">\n\n   <button class=\"wpcf7-form-control wpcf7-submit qodef-button qodef-layout--only-arrow  qodef-html--link qodef-m\" type=\"submit\"><span class=\"qodef-m-text\">Submit<\/span><svg class=\"qodef-svg--button-arrow\" xmlns=\"http:\/\/www.w3.org\/2000\/svg\" width=\"35.899\" height=\"17.991\" viewBox=\"0 0 35.899 17.991\"><path d=\"M-.001 8.996H35.19M26.549.354l8.642 8.642-8.642 8.642\" fill=\"none\" stroke=\"currentColor\"\/><\/svg><\/button>\n\n<\/div>\n\n<\/div><div class=\"wpcf7-response-output\" aria-hidden=\"true\"><\/div>\n<\/form>\n<\/div>\n<\/div>\n\t\t\t\t\t\t<\/div>\n\t\t\t\t<\/div>\n\t\t\t\t<div class=\"elementor-element elementor-element-59f2f419 elementor-widget elementor-widget-text-editor\" data-id=\"59f2f419\" data-element_type=\"widget\" data-widget_type=\"text-editor.default\">\n\t\t\t\t<div class=\"elementor-widget-container\">\n\t\t\t\t\t\t\t\t\tPodbre\u017eje XIIA 18.\n\nZagreb, 10020, Croatia\n\n+385 (0)91 055 1542\n\ninfo@negomerch.com\t\t\t\t\t\t\t\t<\/div>\n\t\t\t\t<\/div>\n\t\t\t\t\t<\/div>\n\t\t<\/div>\n\t\t\t\t<div class=\"elementor-column elementor-col-50 elementor-top-column elementor-element elementor-element-2376155\" data-id=\"2376155\" data-element_type=\"column\">\n\t\t\t<div class=\"elementor-widget-wrap elementor-element-populated\">\n\t\t\t\t\t\t<div class=\"elementor-element elementor-element-4f0d856 elementor-widget elementor-widget-corsen_core_accordion\" data-id=\"4f0d856\" data-element_type=\"widget\" data-widget_type=\"corsen_core_accordion.default\">\n\t\t\t\t<div class=\"elementor-widget-container\">\n\t\t\t\t\t<div class=\"qodef-shortcode qodef-m  qodef-accordion clear qodef-behavior--accordion qodef-layout--simple\">\n\t<h5 class=\"qodef-accordion-title\">\n\t<span class=\"qodef-tab-title\">Kako mogu naru\u010diti?<\/span>\n\t<span class=\"qodef-accordion-mark\">\n\t\t<span class=\"qodef-icon--plus\">\n            <svg xmlns=\"http:\/\/www.w3.org\/2000\/svg\" width=\"23\" height=\"23\" viewBox=\"0 0 24 24\">\n                <g data-name=\"Group 1077\" transform=\"translate(0.087 0.087)\">\n                    <g data-name=\"Rectangle 571\" transform=\"translate(-0.087 -0.087)\" fill=\"#fff\" stroke=\"#000\" stroke-width=\"1\">\n                        <rect width=\"24\" height=\"24\" stroke=\"none\"\/>\n                        <rect x=\"0.5\" y=\"0.5\" width=\"23\" height=\"23\" fill=\"none\"\/>\n                    <\/g>\n                    <path d=\"M0,4.535,4.047,0,8.094,4.535\" transform=\"translate(7.866 9.646)\" fill=\"none\" stroke=\"#000\" stroke-width=\"1\"\/>\n                <\/g>\n            <\/svg>\n        <\/span>\n\t\t<span class=\"qodef-icon--minus\">\n            <svg xmlns=\"http:\/\/www.w3.org\/2000\/svg\" width=\"23\" height=\"23\" viewBox=\"0 0 24 24\">\n             <g transform=\"translate(0.087 0.087)\">\n                 <g transform=\"translate(-0.087 -0.087)\" fill=\"#fff\" stroke=\"#000\" stroke-width=\"1\">\n                    <rect width=\"24\" height=\"24\" stroke=\"none\"\/>\n                    <rect x=\"0.5\" y=\"0.5\" width=\"23\" height=\"23\" fill=\"none\"\/>\n                    <\/g>\n                    <path d=\"M0,4.535,4.047,0,8.094,4.535\" transform=\"translate(16 14) rotate(180)\" fill=\"none\" stroke=\"#000\" stroke-width=\"1\"\/>\n                <\/g>\n            <\/svg>\n        <\/span>\n\t<\/span>\n<\/h5>\n<div class=\"qodef-accordion-content\">\n\t<div class=\"qodef-accordion-content-inner\">\n\t\t<ol><li>Odaberite \u017eeljeni proizvod i varijantu (veli\u010dina).<\/li><li>Kliknite Dodaj u ko\u0161aricu, a zatim na ikonu ko\u0161arice i Nastavi na blagajnu.<\/li><li>Ispunite podatke za dostavu i odaberite na\u010din pla\u0107anja.<\/li><li>Potvrdite narud\u017ebu \u2013 odmah \u0107ete dobiti e-mail s potvrdom.<\/li><\/ol>\t<\/div>\n<\/div>\n<h5 class=\"qodef-accordion-title\">\n\t<span class=\"qodef-tab-title\">Koji su na\u010dini pla\u0107anja?<\/span>\n\t<span class=\"qodef-accordion-mark\">\n\t\t<span class=\"qodef-icon--plus\">\n            <svg xmlns=\"http:\/\/www.w3.org\/2000\/svg\" width=\"23\" height=\"23\" viewBox=\"0 0 24 24\">\n                <g data-name=\"Group 1077\" transform=\"translate(0.087 0.087)\">\n                    <g data-name=\"Rectangle 571\" transform=\"translate(-0.087 -0.087)\" fill=\"#fff\" stroke=\"#000\" stroke-width=\"1\">\n                        <rect width=\"24\" height=\"24\" stroke=\"none\"\/>\n                        <rect x=\"0.5\" y=\"0.5\" width=\"23\" height=\"23\" fill=\"none\"\/>\n                    <\/g>\n                    <path d=\"M0,4.535,4.047,0,8.094,4.535\" transform=\"translate(7.866 9.646)\" fill=\"none\" stroke=\"#000\" stroke-width=\"1\"\/>\n                <\/g>\n            <\/svg>\n        <\/span>\n\t\t<span class=\"qodef-icon--minus\">\n            <svg xmlns=\"http:\/\/www.w3.org\/2000\/svg\" width=\"23\" height=\"23\" viewBox=\"0 0 24 24\">\n             <g transform=\"translate(0.087 0.087)\">\n                 <g transform=\"translate(-0.087 -0.087)\" fill=\"#fff\" stroke=\"#000\" stroke-width=\"1\">\n                    <rect width=\"24\" height=\"24\" stroke=\"none\"\/>\n                    <rect x=\"0.5\" y=\"0.5\" width=\"23\" height=\"23\" fill=\"none\"\/>\n                    <\/g>\n                    <path d=\"M0,4.535,4.047,0,8.094,4.535\" transform=\"translate(16 14) rotate(180)\" fill=\"none\" stroke=\"#000\" stroke-width=\"1\"\/>\n                <\/g>\n            <\/svg>\n        <\/span>\n\t<\/span>\n<\/h5>\n<div class=\"qodef-accordion-content\">\n\t<div class=\"qodef-accordion-content-inner\">\n\t\t<ol><li>Stripe \u2013 podr\u017eava sve standardne kartice i digitalne nov\u010danike koje Stripe omogu\u0107uje u Hrvatskoj (Visa, Mastercard, Maestro, Apple Pay, Google Pay i dr.).<\/li><li>PayPal \u2013 jednostavno i sigurno pla\u0107anje putem va\u0161eg PayPal ra\u010duna.<\/li><li>Bankovna uplata \u2013 klasi\u010dni direktni prijenos na na\u0161 \u017eiro-ra\u010dun (upute dobivate uz potvrdu narud\u017ebe).<\/li><\/ol>\t<\/div>\n<\/div>\n<h5 class=\"qodef-accordion-title\">\n\t<span class=\"qodef-tab-title\">Kolika je cijena i rok dostave?<\/span>\n\t<span class=\"qodef-accordion-mark\">\n\t\t<span class=\"qodef-icon--plus\">\n            <svg xmlns=\"http:\/\/www.w3.org\/2000\/svg\" width=\"23\" height=\"23\" viewBox=\"0 0 24 24\">\n                <g data-name=\"Group 1077\" transform=\"translate(0.087 0.087)\">\n                    <g data-name=\"Rectangle 571\" transform=\"translate(-0.087 -0.087)\" fill=\"#fff\" stroke=\"#000\" stroke-width=\"1\">\n                        <rect width=\"24\" height=\"24\" stroke=\"none\"\/>\n                        <rect x=\"0.5\" y=\"0.5\" width=\"23\" height=\"23\" fill=\"none\"\/>\n                    <\/g>\n                    <path d=\"M0,4.535,4.047,0,8.094,4.535\" transform=\"translate(7.866 9.646)\" fill=\"none\" stroke=\"#000\" stroke-width=\"1\"\/>\n                <\/g>\n            <\/svg>\n        <\/span>\n\t\t<span class=\"qodef-icon--minus\">\n            <svg xmlns=\"http:\/\/www.w3.org\/2000\/svg\" width=\"23\" height=\"23\" viewBox=\"0 0 24 24\">\n             <g transform=\"translate(0.087 0.087)\">\n                 <g transform=\"translate(-0.087 -0.087)\" fill=\"#fff\" stroke=\"#000\" stroke-width=\"1\">\n                    <rect width=\"24\" height=\"24\" stroke=\"none\"\/>\n                    <rect x=\"0.5\" y=\"0.5\" width=\"23\" height=\"23\" fill=\"none\"\/>\n                    <\/g>\n                    <path d=\"M0,4.535,4.047,0,8.094,4.535\" transform=\"translate(16 14) rotate(180)\" fill=\"none\" stroke=\"#000\" stroke-width=\"1\"\/>\n                <\/g>\n            <\/svg>\n        <\/span>\n\t<\/span>\n<\/h5>\n<div class=\"qodef-accordion-content\">\n\t<div class=\"qodef-accordion-content-inner\">\n\t\t<ol><li>Cijena dostave prema standardnom cjeniku DPD:<\/li><li>Hrvatska: 4,99 \u20ac<\/li><li>Ostale EU zemlje: to\u010dnu cijenu vidite nakon \u0161to odaberete dr\u017eavu i unesete adresu dostave<\/li><li>Rok isporuke: 5\u201310 radnih dana (maksimalno)<\/li><\/ol>\t<\/div>\n<\/div>\n<h5 class=\"qodef-accordion-title\">\n\t<span class=\"qodef-tab-title\">Kako mogu pratiti svoju narud\u017ebu?<\/span>\n\t<span class=\"qodef-accordion-mark\">\n\t\t<span class=\"qodef-icon--plus\">\n            <svg xmlns=\"http:\/\/www.w3.org\/2000\/svg\" width=\"23\" height=\"23\" viewBox=\"0 0 24 24\">\n                <g data-name=\"Group 1077\" transform=\"translate(0.087 0.087)\">\n                    <g data-name=\"Rectangle 571\" transform=\"translate(-0.087 -0.087)\" fill=\"#fff\" stroke=\"#000\" stroke-width=\"1\">\n                        <rect width=\"24\" height=\"24\" stroke=\"none\"\/>\n                        <rect x=\"0.5\" y=\"0.5\" width=\"23\" height=\"23\" fill=\"none\"\/>\n                    <\/g>\n                    <path d=\"M0,4.535,4.047,0,8.094,4.535\" transform=\"translate(7.866 9.646)\" fill=\"none\" stroke=\"#000\" stroke-width=\"1\"\/>\n                <\/g>\n            <\/svg>\n        <\/span>\n\t\t<span class=\"qodef-icon--minus\">\n            <svg xmlns=\"http:\/\/www.w3.org\/2000\/svg\" width=\"23\" height=\"23\" viewBox=\"0 0 24 24\">\n             <g transform=\"translate(0.087 0.087)\">\n                 <g transform=\"translate(-0.087 -0.087)\" fill=\"#fff\" stroke=\"#000\" stroke-width=\"1\">\n                    <rect width=\"24\" height=\"24\" stroke=\"none\"\/>\n                    <rect x=\"0.5\" y=\"0.5\" width=\"23\" height=\"23\" fill=\"none\"\/>\n                    <\/g>\n                    <path d=\"M0,4.535,4.047,0,8.094,4.535\" transform=\"translate(16 14) rotate(180)\" fill=\"none\" stroke=\"#000\" stroke-width=\"1\"\/>\n                <\/g>\n            <\/svg>\n        <\/span>\n\t<\/span>\n<\/h5>\n<div class=\"qodef-accordion-content\">\n\t<div class=\"qodef-accordion-content-inner\">\n\t\t<p>Automatsko pra\u0107enje nije omogu\u0107eno.<\/p><ol><li>Po\u0161aljite nam e-mail na info@negomerch.com s va\u0161im brojem narud\u017ebe kako biste zatra\u017eili broj za pra\u0107enje paketa.<\/li><li>Nakon \u0161to vam po\u0161aljemo broj i link za pra\u0107enje, mo\u017eete pratiti status putem web-su\u010delja dostavne slu\u017ebe.<\/li><li>Dan prije predvi\u0111ene dostave dobit \u0107ete od nas kratki e-mail s obavijesti, a kurir \u0107e vas nazvati na dan isporuke radi potvrde dolaska.<\/li><\/ol>\t<\/div>\n<\/div>\n<h5 class=\"qodef-accordion-title\">\n\t<span class=\"qodef-tab-title\"> Mogu li promijeniti ili otkazati narud\u017ebu?<\/span>\n\t<span class=\"qodef-accordion-mark\">\n\t\t<span class=\"qodef-icon--plus\">\n            <svg xmlns=\"http:\/\/www.w3.org\/2000\/svg\" width=\"23\" height=\"23\" viewBox=\"0 0 24 24\">\n                <g data-name=\"Group 1077\" transform=\"translate(0.087 0.087)\">\n                    <g data-name=\"Rectangle 571\" transform=\"translate(-0.087 -0.087)\" fill=\"#fff\" stroke=\"#000\" stroke-width=\"1\">\n                        <rect width=\"24\" height=\"24\" stroke=\"none\"\/>\n                        <rect x=\"0.5\" y=\"0.5\" width=\"23\" height=\"23\" fill=\"none\"\/>\n                    <\/g>\n                    <path d=\"M0,4.535,4.047,0,8.094,4.535\" transform=\"translate(7.866 9.646)\" fill=\"none\" stroke=\"#000\" stroke-width=\"1\"\/>\n                <\/g>\n            <\/svg>\n        <\/span>\n\t\t<span class=\"qodef-icon--minus\">\n            <svg xmlns=\"http:\/\/www.w3.org\/2000\/svg\" width=\"23\" height=\"23\" viewBox=\"0 0 24 24\">\n             <g transform=\"translate(0.087 0.087)\">\n                 <g transform=\"translate(-0.087 -0.087)\" fill=\"#fff\" stroke=\"#000\" stroke-width=\"1\">\n                    <rect width=\"24\" height=\"24\" stroke=\"none\"\/>\n                    <rect x=\"0.5\" y=\"0.5\" width=\"23\" height=\"23\" fill=\"none\"\/>\n                    <\/g>\n                    <path d=\"M0,4.535,4.047,0,8.094,4.535\" transform=\"translate(16 14) rotate(180)\" fill=\"none\" stroke=\"#000\" stroke-width=\"1\"\/>\n                <\/g>\n            <\/svg>\n        <\/span>\n\t<\/span>\n<\/h5>\n<div class=\"qodef-accordion-content\">\n\t<div class=\"qodef-accordion-content-inner\">\n\t\t<ol><li>Promjena (boja, veli\u010dina ili adresa): nazovite ili po\u0161aljite e-mail najkasnije 1 sat nakon potvrde narud\u017ebe.<\/li><li>Otkazivanje: mogu\u0107e do trenutka predaje paketa dostavnoj slu\u017ebi \u2013 javite nam se \u0161to prije.<\/li><\/ol>\t<\/div>\n<\/div>\n<h5 class=\"qodef-accordion-title\">\n\t<span class=\"qodef-tab-title\">Kako mogu vratiti ili zamijeniti proizvod?<\/span>\n\t<span class=\"qodef-accordion-mark\">\n\t\t<span class=\"qodef-icon--plus\">\n            <svg xmlns=\"http:\/\/www.w3.org\/2000\/svg\" width=\"23\" height=\"23\" viewBox=\"0 0 24 24\">\n                <g data-name=\"Group 1077\" transform=\"translate(0.087 0.087)\">\n                    <g data-name=\"Rectangle 571\" transform=\"translate(-0.087 -0.087)\" fill=\"#fff\" stroke=\"#000\" stroke-width=\"1\">\n                        <rect width=\"24\" height=\"24\" stroke=\"none\"\/>\n                        <rect x=\"0.5\" y=\"0.5\" width=\"23\" height=\"23\" fill=\"none\"\/>\n                    <\/g>\n                    <path d=\"M0,4.535,4.047,0,8.094,4.535\" transform=\"translate(7.866 9.646)\" fill=\"none\" stroke=\"#000\" stroke-width=\"1\"\/>\n                <\/g>\n            <\/svg>\n        <\/span>\n\t\t<span class=\"qodef-icon--minus\">\n            <svg xmlns=\"http:\/\/www.w3.org\/2000\/svg\" width=\"23\" height=\"23\" viewBox=\"0 0 24 24\">\n             <g transform=\"translate(0.087 0.087)\">\n                 <g transform=\"translate(-0.087 -0.087)\" fill=\"#fff\" stroke=\"#000\" stroke-width=\"1\">\n                    <rect width=\"24\" height=\"24\" stroke=\"none\"\/>\n                    <rect x=\"0.5\" y=\"0.5\" width=\"23\" height=\"23\" fill=\"none\"\/>\n                    <\/g>\n                    <path d=\"M0,4.535,4.047,0,8.094,4.535\" transform=\"translate(16 14) rotate(180)\" fill=\"none\" stroke=\"#000\" stroke-width=\"1\"\/>\n                <\/g>\n            <\/svg>\n        <\/span>\n\t<\/span>\n<\/h5>\n<div class=\"qodef-accordion-content\">\n\t<div class=\"qodef-accordion-content-inner\">\n\t\t<ol><li>Imate pravo na povrat ili zamjenu u roku 14 dana od preuzimanja:<\/li><li>Po\u0161aljite nam e-mail s va\u0161im brojem narud\u017ebe i razlozima.<\/li><li>Poslat \u0107emo vam povratnw detalje za slanje.<\/li><li>Po zaprimanju i provjeri stanja proizvoda, povrat novca ili zamjenu izvr\u0161avamo u roku 7 radnih dana.<\/li><\/ol>\t<\/div>\n<\/div>\n<h5 class=\"qodef-accordion-title\">\n\t<span class=\"qodef-tab-title\">\u0160to ako proizvod stigne o\u0161te\u0107en ili neispravan?<\/span>\n\t<span class=\"qodef-accordion-mark\">\n\t\t<span class=\"qodef-icon--plus\">\n            <svg xmlns=\"http:\/\/www.w3.org\/2000\/svg\" width=\"23\" height=\"23\" viewBox=\"0 0 24 24\">\n                <g data-name=\"Group 1077\" transform=\"translate(0.087 0.087)\">\n                    <g data-name=\"Rectangle 571\" transform=\"translate(-0.087 -0.087)\" fill=\"#fff\" stroke=\"#000\" stroke-width=\"1\">\n                        <rect width=\"24\" height=\"24\" stroke=\"none\"\/>\n                        <rect x=\"0.5\" y=\"0.5\" width=\"23\" height=\"23\" fill=\"none\"\/>\n                    <\/g>\n                    <path d=\"M0,4.535,4.047,0,8.094,4.535\" transform=\"translate(7.866 9.646)\" fill=\"none\" stroke=\"#000\" stroke-width=\"1\"\/>\n                <\/g>\n            <\/svg>\n        <\/span>\n\t\t<span class=\"qodef-icon--minus\">\n            <svg xmlns=\"http:\/\/www.w3.org\/2000\/svg\" width=\"23\" height=\"23\" viewBox=\"0 0 24 24\">\n             <g transform=\"translate(0.087 0.087)\">\n                 <g transform=\"translate(-0.087 -0.087)\" fill=\"#fff\" stroke=\"#000\" stroke-width=\"1\">\n                    <rect width=\"24\" height=\"24\" stroke=\"none\"\/>\n                    <rect x=\"0.5\" y=\"0.5\" width=\"23\" height=\"23\" fill=\"none\"\/>\n                    <\/g>\n                    <path d=\"M0,4.535,4.047,0,8.094,4.535\" transform=\"translate(16 14) rotate(180)\" fill=\"none\" stroke=\"#000\" stroke-width=\"1\"\/>\n                <\/g>\n            <\/svg>\n        <\/span>\n\t<\/span>\n<\/h5>\n<div class=\"qodef-accordion-content\">\n\t<div class=\"qodef-accordion-content-inner\">\n\t\tIspri\u010davamo se zbog neugodnosti \u2013 odmah \u0107emo organizirati besplatan povrat i slanje zamjenskog primjerka.\nPo\u0161aljite nam fotografiju o\u0161te\u0107enja i broj narud\u017ebe na info@negomerch.com\t<\/div>\n<\/div>\n<h5 class=\"qodef-accordion-title\">\n\t<span class=\"qodef-tab-title\">Kako vas mogu kontaktirati?<\/span>\n\t<span class=\"qodef-accordion-mark\">\n\t\t<span class=\"qodef-icon--plus\">\n            <svg xmlns=\"http:\/\/www.w3.org\/2000\/svg\" width=\"23\" height=\"23\" viewBox=\"0 0 24 24\">\n                <g data-name=\"Group 1077\" transform=\"translate(0.087 0.087)\">\n                    <g data-name=\"Rectangle 571\" transform=\"translate(-0.087 -0.087)\" fill=\"#fff\" stroke=\"#000\" stroke-width=\"1\">\n                        <rect width=\"24\" height=\"24\" stroke=\"none\"\/>\n                        <rect x=\"0.5\" y=\"0.5\" width=\"23\" height=\"23\" fill=\"none\"\/>\n                    <\/g>\n                    <path d=\"M0,4.535,4.047,0,8.094,4.535\" transform=\"translate(7.866 9.646)\" fill=\"none\" stroke=\"#000\" stroke-width=\"1\"\/>\n                <\/g>\n            <\/svg>\n        <\/span>\n\t\t<span class=\"qodef-icon--minus\">\n            <svg xmlns=\"http:\/\/www.w3.org\/2000\/svg\" width=\"23\" height=\"23\" viewBox=\"0 0 24 24\">\n             <g transform=\"translate(0.087 0.087)\">\n                 <g transform=\"translate(-0.087 -0.087)\" fill=\"#fff\" stroke=\"#000\" stroke-width=\"1\">\n                    <rect width=\"24\" height=\"24\" stroke=\"none\"\/>\n                    <rect x=\"0.5\" y=\"0.5\" width=\"23\" height=\"23\" fill=\"none\"\/>\n                    <\/g>\n                    <path d=\"M0,4.535,4.047,0,8.094,4.535\" transform=\"translate(16 14) rotate(180)\" fill=\"none\" stroke=\"#000\" stroke-width=\"1\"\/>\n                <\/g>\n            <\/svg>\n        <\/span>\n\t<\/span>\n<\/h5>\n<div class=\"qodef-accordion-content\">\n\t<div class=\"qodef-accordion-content-inner\">\n\t\tE-mail: info@negomerch.com\n\nTelefon: +385 (0)91 955 1542 (radnim danom 9\u201317 h)\t<\/div>\n<\/div>\n<h5 class=\"qodef-accordion-title\">\n\t<span class=\"qodef-tab-title\">What Is Your Return Policy?<\/span>\n\t<span class=\"qodef-accordion-mark\">\n\t\t<span class=\"qodef-icon--plus\">\n            <svg xmlns=\"http:\/\/www.w3.org\/2000\/svg\" width=\"23\" height=\"23\" viewBox=\"0 0 24 24\">\n                <g data-name=\"Group 1077\" transform=\"translate(0.087 0.087)\">\n                    <g data-name=\"Rectangle 571\" transform=\"translate(-0.087 -0.087)\" fill=\"#fff\" stroke=\"#000\" stroke-width=\"1\">\n                        <rect width=\"24\" height=\"24\" stroke=\"none\"\/>\n                        <rect x=\"0.5\" y=\"0.5\" width=\"23\" height=\"23\" fill=\"none\"\/>\n                    <\/g>\n                    <path d=\"M0,4.535,4.047,0,8.094,4.535\" transform=\"translate(7.866 9.646)\" fill=\"none\" stroke=\"#000\" stroke-width=\"1\"\/>\n                <\/g>\n            <\/svg>\n        <\/span>\n\t\t<span class=\"qodef-icon--minus\">\n            <svg xmlns=\"http:\/\/www.w3.org\/2000\/svg\" width=\"23\" height=\"23\" viewBox=\"0 0 24 24\">\n             <g transform=\"translate(0.087 0.087)\">\n                 <g transform=\"translate(-0.087 -0.087)\" fill=\"#fff\" stroke=\"#000\" stroke-width=\"1\">\n                    <rect width=\"24\" height=\"24\" stroke=\"none\"\/>\n                    <rect x=\"0.5\" y=\"0.5\" width=\"23\" height=\"23\" fill=\"none\"\/>\n                    <\/g>\n                    <path d=\"M0,4.535,4.047,0,8.094,4.535\" transform=\"translate(16 14) rotate(180)\" fill=\"none\" stroke=\"#000\" stroke-width=\"1\"\/>\n                <\/g>\n            <\/svg>\n        <\/span>\n\t<\/span>\n<\/h5>\n<div class=\"qodef-accordion-content\">\n\t<div class=\"qodef-accordion-content-inner\">\n\t\t<p>Lorem ipsum dolor sit amet, consec tetur adipiscing elit, sed do eiusmod tempor incididunt ut labore et dolore magna aliqua enim ad minim venia.<\/p>\t<\/div>\n<\/div>\n<\/div>\n\t\t\t\t<\/div>\n\t\t\t\t<\/div>\n\t\t\t\t\t<\/div>\n\t\t<\/div>\n\t\t\t\t\t<\/div>\n\t\t<\/section>\n\t\t\t\t<\/div>\n\t\t","protected":false},"excerpt":{"rendered":"<p>Ask Us Anything Imate li pitanja o na\u0161oj ponudi, narud\u017ebi ili dostavi? Slobodno nam po\u0161aljite poruku u nastavku \u2013 rado \u0107emo vam pomo\u0107i i odgovoriti u najkra\u0107em roku. Podbre\u017eje XIIA 18. Zagreb, 10020, Croatia +385 (0)91 055 1542 info@negomerch.com Kako mogu naru\u010diti? Odaberite \u017eeljeni proizvod i varijantu (veli\u010dina). Kliknite Dodaj u ko\u0161aricu, a zatim na [&hellip;]<\/p>\n","protected":false},"author":1,"featured_media":0,"parent":0,"menu_order":0,"comment_status":"closed","ping_status":"closed","template":"page-full-width.php","meta":{"footnotes":""},"class_list":["post-1425","page","type-page","status-publish","hentry"],"jetpack_sharing_enabled":true,"_links":{"self":[{"href":"https:\/\/negomerch.com\/index.php\/wp-json\/wp\/v2\/pages\/1425","targetHints":{"allow":["GET"]}}],"collection":[{"href":"https:\/\/negomerch.com\/index.php\/wp-json\/wp\/v2\/pages"}],"about":[{"href":"https:\/\/negomerch.com\/index.php\/wp-json\/wp\/v2\/types\/page"}],"author":[{"embeddable":true,"href":"https:\/\/negomerch.com\/index.php\/wp-json\/wp\/v2\/users\/1"}],"replies":[{"embeddable":true,"href":"https:\/\/negomerch.com\/index.php\/wp-json\/wp\/v2\/comments?post=1425"}],"version-history":[{"count":22,"href":"https:\/\/negomerch.com\/index.php\/wp-json\/wp\/v2\/pages\/1425\/revisions"}],"predecessor-version":[{"id":5976,"href":"https:\/\/negomerch.com\/index.php\/wp-json\/wp\/v2\/pages\/1425\/revisions\/5976"}],"wp:attachment":[{"href":"https:\/\/negomerch.com\/index.php\/wp-json\/wp\/v2\/media?parent=1425"}],"curies":[{"name":"wp","href":"https:\/\/api.w.org\/{rel}","templated":true}]}}